{"id":2572,"date":"2026-04-02T09:24:18","date_gmt":"2026-04-02T07:24:18","guid":{"rendered":"https:\/\/tincturalaine.fr\/?post_type=product&#038;p=2572"},"modified":"2026-04-03T13:07:03","modified_gmt":"2026-04-03T11:07:03","slug":"design-pull-miss-harley-quinn","status":"publish","type":"product","link":"https:\/\/tincturalaine.fr\/index.php\/produit\/design-pull-miss-harley-quinn\/","title":{"rendered":"Design | Pull Miss (Harley) Quinn"},"content":{"rendered":"<div class=\"page\" title=\"Page 1\">\n<div class=\"layoutArea\">\n<div class=\"column\">\n<p>Le pull Miss Harley Quinn, se tricote du haut vers le bas en une seule pi\u00e8ce. Il est doux, a\u00e9rien et confortable avec un style moderne. Il se tricote avec 3 \u00e9cheveaux de Tinctura Dk Mohair pour une taille unique avec un tour de poitrine compris entre 84 et 108 cm. Il devient un indispensable cosy et styl\u00e9 de votre garde-robe et un parfait alli\u00e9 pour les journ\u00e9es fra\u00eeches ou superpositions \u00e9l\u00e9gantes.<\/p>\n<\/div>\n<div class=\"page\" title=\"Page 2\">\n<div class=\"layoutArea\">\n<div class=\"column\">\n<p><strong>Tailles :<\/strong><br \/>\nTaille Unique<\/p>\n<\/div>\n<\/div>\n<div class=\"layoutArea\">\n<div class=\"column\">\n<p><strong>Mensurations finales<\/strong> :<br \/>\nPour un tour de poitrine compris entre 84 et 108 cm. Vous obtiendrez une aisance diff\u00e9rente selon votre tour de poitrine. Le pull fini mesure 128 cm de large et 45 cm de hauteur<\/p>\n<p><strong>Fils utilise\u0301s pour une version courte du pull : <\/strong><\/p>\n<p>Tinctura Dk Mohair | coloris Licorne (220m \/ 100gr) soit 660 me\u0300tres<br \/>\nsoit 3 e\u0301cheveaux<\/p>\n<p><strong>Echantillon :<\/strong> 17 mailles x 24 rangs en 5mm en jersey endroit<\/p>\n<p><strong>Aiguilles :<\/strong><br \/>\n4 \u00a0et 4,5 mm pour les cotes<br \/>\n5 mm pour le corps<\/p>\n<\/div>\n<\/div>\n<\/div>\n<\/div>\n<\/div>\n<p>Autres :<br \/>\n<a href=\"https:\/\/tincturalaine.fr\/index.php\/categorie-produit\/marqueurs\/\">Anneaux marqueurs<\/a><\/p>\n","protected":false},"excerpt":{"rendered":"<p>Le pull Miss Harley Quinn, se tricote du haut vers le bas en une seule pi\u00e8ce. Il est doux, a\u00e9rien et confortable avec un style moderne. Il se tricote avec 3 \u00e9cheveaux de Tinctura Dk Mohair pour une taille unique avec un tour de poitrine compris entre 84 et 108 cm. Il devient un indispensable [&hellip;]<\/p>\n","protected":false},"featured_media":2576,"template":"","meta":{"_et_pb_use_builder":"","_et_pb_old_content":"","_et_gb_content_width":""},"product_brand":[],"product_cat":[17],"product_tag":[130,155],"class_list":{"0":"post-2572","1":"product","2":"type-product","3":"status-publish","4":"has-post-thumbnail","6":"product_cat-patron","7":"product_tag-miss-rose-dawson","8":"product_tag-tinctura-dk-mohair","9":"product_shipping_class-patron","11":"first","12":"instock","13":"downloadable","14":"virtual","15":"purchasable","16":"product-type-simple"},"yoast_head":"<!-- This site is optimized with the Yoast SEO plugin v26.7 - https:\/\/yoast.com\/wordpress\/plugins\/seo\/ -->\n<title>Design | Pull Miss (Harley) Quinn - Tinctura Laine<\/title>\n<meta name=\"description\" content=\"Pull Miss Harley Quinn tricot\u00e9 avec 3 \u00e9cheveaux de DK Mohair en coloris Licorne de chez Tincturalaine. Une fois fini il aura un tour de poitrine de 128cm.\" \/>\n<meta name=\"robots\" content=\"index, follow, max-snippet:-1, max-image-preview:large, max-video-preview:-1\" \/>\n<link rel=\"canonical\" href=\"https:\/\/tincturalaine.fr\/index.php\/produit\/design-pull-miss-harley-quinn\/\" \/>\n<meta property=\"og:locale\" content=\"fr_FR\" \/>\n<meta property=\"og:type\" content=\"article\" \/>\n<meta property=\"og:title\" content=\"Design | Pull Miss (Harley) Quinn - Tinctura Laine\" \/>\n<meta property=\"og:description\" content=\"Pull Miss Harley Quinn tricot\u00e9 avec 3 \u00e9cheveaux de DK Mohair en coloris Licorne de chez Tincturalaine. Une fois fini il aura un tour de poitrine de 128cm.\" \/>\n<meta property=\"og:url\" content=\"https:\/\/tincturalaine.fr\/index.php\/produit\/design-pull-miss-harley-quinn\/\" \/>\n<meta property=\"og:site_name\" content=\"Tinctura Laine\" \/>\n<meta property=\"article:modified_time\" content=\"2026-04-03T11:07:03+00:00\" \/>\n<meta property=\"og:image\" content=\"https:\/\/tincturalaine.fr\/wp-content\/uploads\/03-scaled.jpg\" \/>\n\t<meta property=\"og:image:width\" content=\"1920\" \/>\n\t<meta property=\"og:image:height\" content=\"2560\" \/>\n\t<meta property=\"og:image:type\" content=\"image\/jpeg\" \/>\n<meta name=\"twitter:card\" content=\"summary_large_image\" \/>\n<meta name=\"twitter:label1\" content=\"Dur\u00e9e de lecture estim\u00e9e\" \/>\n\t<meta name=\"twitter:data1\" content=\"2 minutes\" \/>\n<script type=\"application\/ld+json\" class=\"yoast-schema-graph\">{\"@context\":\"https:\/\/schema.org\",\"@graph\":[{\"@type\":\"WebPage\",\"@id\":\"https:\/\/tincturalaine.fr\/index.php\/produit\/design-pull-miss-harley-quinn\/\",\"url\":\"https:\/\/tincturalaine.fr\/index.php\/produit\/design-pull-miss-harley-quinn\/\",\"name\":\"Design | Pull Miss (Harley) Quinn - Tinctura Laine\",\"isPartOf\":{\"@id\":\"https:\/\/tincturalaine.fr\/#website\"},\"primaryImageOfPage\":{\"@id\":\"https:\/\/tincturalaine.fr\/index.php\/produit\/design-pull-miss-harley-quinn\/#primaryimage\"},\"image\":{\"@id\":\"https:\/\/tincturalaine.fr\/index.php\/produit\/design-pull-miss-harley-quinn\/#primaryimage\"},\"thumbnailUrl\":\"https:\/\/tincturalaine.fr\/wp-content\/uploads\/03-scaled.jpg\",\"datePublished\":\"2026-04-02T07:24:18+00:00\",\"dateModified\":\"2026-04-03T11:07:03+00:00\",\"description\":\"Pull Miss Harley Quinn tricot\u00e9 avec 3 \u00e9cheveaux de DK Mohair en coloris Licorne de chez Tincturalaine. Une fois fini il aura un tour de poitrine de 128cm.\",\"breadcrumb\":{\"@id\":\"https:\/\/tincturalaine.fr\/index.php\/produit\/design-pull-miss-harley-quinn\/#breadcrumb\"},\"inLanguage\":\"fr-FR\",\"potentialAction\":[{\"@type\":\"ReadAction\",\"target\":[\"https:\/\/tincturalaine.fr\/index.php\/produit\/design-pull-miss-harley-quinn\/\"]}]},{\"@type\":\"ImageObject\",\"inLanguage\":\"fr-FR\",\"@id\":\"https:\/\/tincturalaine.fr\/index.php\/produit\/design-pull-miss-harley-quinn\/#primaryimage\",\"url\":\"https:\/\/tincturalaine.fr\/wp-content\/uploads\/03-scaled.jpg\",\"contentUrl\":\"https:\/\/tincturalaine.fr\/wp-content\/uploads\/03-scaled.jpg\",\"width\":1920,\"height\":2560,\"caption\":\"Pull Miss Harley Quinn\"},{\"@type\":\"BreadcrumbList\",\"@id\":\"https:\/\/tincturalaine.fr\/index.php\/produit\/design-pull-miss-harley-quinn\/#breadcrumb\",\"itemListElement\":[{\"@type\":\"ListItem\",\"position\":1,\"name\":\"Home\",\"item\":\"https:\/\/tincturalaine.fr\/\"},{\"@type\":\"ListItem\",\"position\":2,\"name\":\"Boutique\",\"item\":\"https:\/\/tincturalaine.fr\/index.php\/tincturalaine-laine-teinte-a-la-main\/\"},{\"@type\":\"ListItem\",\"position\":3,\"name\":\"Design | Pull Miss (Harley) Quinn\"}]},{\"@type\":\"WebSite\",\"@id\":\"https:\/\/tincturalaine.fr\/#website\",\"url\":\"https:\/\/tincturalaine.fr\/\",\"name\":\"Tinctura Laine\",\"description\":\"Les couleurs qui ont du chien !\",\"alternateName\":\"Tincturalaine laine teint \u00e0 la main\",\"potentialAction\":[{\"@type\":\"SearchAction\",\"target\":{\"@type\":\"EntryPoint\",\"urlTemplate\":\"https:\/\/tincturalaine.fr\/?s={search_term_string}\"},\"query-input\":{\"@type\":\"PropertyValueSpecification\",\"valueRequired\":true,\"valueName\":\"search_term_string\"}}],\"inLanguage\":\"fr-FR\"}]}<\/script>\n<!-- \/ Yoast SEO plugin. -->","yoast_head_json":{"title":"Design | Pull Miss (Harley) Quinn - Tinctura Laine","description":"Pull Miss Harley Quinn tricot\u00e9 avec 3 \u00e9cheveaux de DK Mohair en coloris Licorne de chez Tincturalaine. Une fois fini il aura un tour de poitrine de 128cm.","robots":{"index":"index","follow":"follow","max-snippet":"max-snippet:-1","max-image-preview":"max-image-preview:large","max-video-preview":"max-video-preview:-1"},"canonical":"https:\/\/tincturalaine.fr\/index.php\/produit\/design-pull-miss-harley-quinn\/","og_locale":"fr_FR","og_type":"article","og_title":"Design | Pull Miss (Harley) Quinn - Tinctura Laine","og_description":"Pull Miss Harley Quinn tricot\u00e9 avec 3 \u00e9cheveaux de DK Mohair en coloris Licorne de chez Tincturalaine. Une fois fini il aura un tour de poitrine de 128cm.","og_url":"https:\/\/tincturalaine.fr\/index.php\/produit\/design-pull-miss-harley-quinn\/","og_site_name":"Tinctura Laine","article_modified_time":"2026-04-03T11:07:03+00:00","og_image":[{"width":1920,"height":2560,"url":"https:\/\/tincturalaine.fr\/wp-content\/uploads\/03-scaled.jpg","type":"image\/jpeg"}],"twitter_card":"summary_large_image","twitter_misc":{"Dur\u00e9e de lecture estim\u00e9e":"2 minutes"},"schema":{"@context":"https:\/\/schema.org","@graph":[{"@type":"WebPage","@id":"https:\/\/tincturalaine.fr\/index.php\/produit\/design-pull-miss-harley-quinn\/","url":"https:\/\/tincturalaine.fr\/index.php\/produit\/design-pull-miss-harley-quinn\/","name":"Design | Pull Miss (Harley) Quinn - Tinctura Laine","isPartOf":{"@id":"https:\/\/tincturalaine.fr\/#website"},"primaryImageOfPage":{"@id":"https:\/\/tincturalaine.fr\/index.php\/produit\/design-pull-miss-harley-quinn\/#primaryimage"},"image":{"@id":"https:\/\/tincturalaine.fr\/index.php\/produit\/design-pull-miss-harley-quinn\/#primaryimage"},"thumbnailUrl":"https:\/\/tincturalaine.fr\/wp-content\/uploads\/03-scaled.jpg","datePublished":"2026-04-02T07:24:18+00:00","dateModified":"2026-04-03T11:07:03+00:00","description":"Pull Miss Harley Quinn tricot\u00e9 avec 3 \u00e9cheveaux de DK Mohair en coloris Licorne de chez Tincturalaine. Une fois fini il aura un tour de poitrine de 128cm.","breadcrumb":{"@id":"https:\/\/tincturalaine.fr\/index.php\/produit\/design-pull-miss-harley-quinn\/#breadcrumb"},"inLanguage":"fr-FR","potentialAction":[{"@type":"ReadAction","target":["https:\/\/tincturalaine.fr\/index.php\/produit\/design-pull-miss-harley-quinn\/"]}]},{"@type":"ImageObject","inLanguage":"fr-FR","@id":"https:\/\/tincturalaine.fr\/index.php\/produit\/design-pull-miss-harley-quinn\/#primaryimage","url":"https:\/\/tincturalaine.fr\/wp-content\/uploads\/03-scaled.jpg","contentUrl":"https:\/\/tincturalaine.fr\/wp-content\/uploads\/03-scaled.jpg","width":1920,"height":2560,"caption":"Pull Miss Harley Quinn"},{"@type":"BreadcrumbList","@id":"https:\/\/tincturalaine.fr\/index.php\/produit\/design-pull-miss-harley-quinn\/#breadcrumb","itemListElement":[{"@type":"ListItem","position":1,"name":"Home","item":"https:\/\/tincturalaine.fr\/"},{"@type":"ListItem","position":2,"name":"Boutique","item":"https:\/\/tincturalaine.fr\/index.php\/tincturalaine-laine-teinte-a-la-main\/"},{"@type":"ListItem","position":3,"name":"Design | Pull Miss (Harley) Quinn"}]},{"@type":"WebSite","@id":"https:\/\/tincturalaine.fr\/#website","url":"https:\/\/tincturalaine.fr\/","name":"Tinctura Laine","description":"Les couleurs qui ont du chien !","alternateName":"Tincturalaine laine teint \u00e0 la main","potentialAction":[{"@type":"SearchAction","target":{"@type":"EntryPoint","urlTemplate":"https:\/\/tincturalaine.fr\/?s={search_term_string}"},"query-input":{"@type":"PropertyValueSpecification","valueRequired":true,"valueName":"search_term_string"}}],"inLanguage":"fr-FR"}]}},"_links":{"self":[{"href":"https:\/\/tincturalaine.fr\/index.php\/wp-json\/wp\/v2\/product\/2572","targetHints":{"allow":["GET"]}}],"collection":[{"href":"https:\/\/tincturalaine.fr\/index.php\/wp-json\/wp\/v2\/product"}],"about":[{"href":"https:\/\/tincturalaine.fr\/index.php\/wp-json\/wp\/v2\/types\/product"}],"wp:featuredmedia":[{"embeddable":true,"href":"https:\/\/tincturalaine.fr\/index.php\/wp-json\/wp\/v2\/media\/2576"}],"wp:attachment":[{"href":"https:\/\/tincturalaine.fr\/index.php\/wp-json\/wp\/v2\/media?parent=2572"}],"wp:term":[{"taxonomy":"product_brand","embeddable":true,"href":"https:\/\/tincturalaine.fr\/index.php\/wp-json\/wp\/v2\/product_brand?post=2572"},{"taxonomy":"product_cat","embeddable":true,"href":"https:\/\/tincturalaine.fr\/index.php\/wp-json\/wp\/v2\/product_cat?post=2572"},{"taxonomy":"product_tag","embeddable":true,"href":"https:\/\/tincturalaine.fr\/index.php\/wp-json\/wp\/v2\/product_tag?post=2572"}],"curies":[{"name":"wp","href":"https:\/\/api.w.org\/{rel}","templated":true}]}}