{"id":1743,"date":"2021-11-06T13:54:15","date_gmt":"2021-11-06T12:54:15","guid":{"rendered":"https:\/\/tincturalaine.fr\/?post_type=product&#038;p=1743"},"modified":"2022-01-07T08:30:22","modified_gmt":"2022-01-07T07:30:22","slug":"design-pull-miss-holly-kennedy","status":"publish","type":"product","link":"https:\/\/tincturalaine.fr\/index.php\/produit\/design-pull-miss-holly-kennedy\/","title":{"rendered":"Design | Pull Miss (Holly) Kennedy"},"content":{"rendered":"<p>Un incontournable \u00e0 avoir dans sa garde robe !<br \/>\nUn petit pull qui va avec tout et qui met en valeur sans rien faire.<br \/>\nSon nom est tir\u00e9 d\u2019un tr\u00e8s beau roman<br \/>\nPS : I love you<br \/>\nqui m\u2019a fait pleur\u00e9 tout un \u00e9t\u00e9 !<br \/>\nL\u2019adaptation en film est tr\u00e8s bien r\u00e9alis\u00e9e et ce pull me fait penser \u00e0 Holly avec son cot\u00e9 f\u00e9minin mais d\u00e9contract\u00e9 avant tout !<\/p>\n<p>Tailles :<br \/>\n1, 2, 3, 4, 5, (6 ,7, 8, 9, 10)<\/p>\n<p>Mensurations finales :<br \/>\n97, 103, 109, 115, 122, (128, 134, 140, 147, 153) de tour de poitrine avec une aisance positive de 10-15 cm<\/p>\n<p>Fils utilis\u00e9s :<br \/>\nTinctura Cachmire | coloris Golden (400m \/ 100gr)<br \/>\nsoit 1080, 1140, 1200, 1260, 1320, (1380 ,1440, 1500, 1560, 1620) m\u00e8tres (Cette base peut \u00eatre teinte sur demande et vous pouvez la remplacer par de la <a href=\"https:\/\/tincturalaine.fr\/index.php\/categorie-produit\/tinctura-sock\/\">Tinctura sock<\/a> ou <a href=\"https:\/\/tincturalaine.fr\/index.php\/categorie-produit\/tinctura-single\/\">Tinctura single<\/a><\/p>\n<p><a href=\"https:\/\/tincturalaine.fr\/index.php\/categorie-produit\/tinctura-kid-silk\/\">Tinctura Kid Silk<\/a> | coloris Golden (420m \/ 50gr)<br \/>\nsoit 1080, 1140, 1200, 1260, 1320, (1380 ,1440, 1500, 1560, 1620) m\u00e8tres<\/p>\n<p>Echantillon :<br \/>\n22 mailles x 30 rangs en 4mm<\/p>\n<p>Aiguilles :<br \/>\n3 mm pour les cotes<br \/>\n4 mm pour le corps<\/p>\n<p>Autres :<br \/>\n<a href=\"https:\/\/tincturalaine.fr\/index.php\/categorie-produit\/marqueurs\/\">Anneaux marqueurs<\/a>, 6 boutons de 11mm<\/p>\n","protected":false},"excerpt":{"rendered":"<p>Un incontournable \u00e0 avoir dans sa garde robe ! Un petit pull qui va avec tout et qui met en valeur sans rien faire. Son nom est tir\u00e9 d\u2019un tr\u00e8s beau roman PS : I love you qui m\u2019a fait pleur\u00e9 tout un \u00e9t\u00e9 ! L\u2019adaptation en film est tr\u00e8s bien r\u00e9alis\u00e9e et ce pull [&hellip;]<\/p>\n","protected":false},"featured_media":1746,"template":"","meta":{"_et_pb_use_builder":"","_et_pb_old_content":"","_et_gb_content_width":""},"product_brand":[],"product_cat":[17],"product_tag":[126,93,122,124],"class_list":{"0":"post-1743","1":"product","2":"type-product","3":"status-publish","4":"has-post-thumbnail","6":"product_cat-patron","7":"product_tag-miss-holly-kennedy","8":"product_tag-tinctura-kid-silk","9":"product_tag-tinctura-single","10":"product_tag-tinctura-sock","11":"product_shipping_class-patron","13":"first","14":"instock","15":"downloadable","16":"virtual","17":"purchasable","18":"product-type-simple"},"yoast_head":"<!-- This site is optimized with the Yoast SEO plugin v26.7 - https:\/\/yoast.com\/wordpress\/plugins\/seo\/ -->\n<title>Design | Pull Miss (Holly) Kennedy - Tinctura Laine<\/title>\n<meta name=\"robots\" content=\"index, follow, max-snippet:-1, max-image-preview:large, max-video-preview:-1\" \/>\n<link rel=\"canonical\" href=\"https:\/\/tincturalaine.fr\/index.php\/produit\/design-pull-miss-holly-kennedy\/\" \/>\n<meta property=\"og:locale\" content=\"fr_FR\" \/>\n<meta property=\"og:type\" content=\"article\" \/>\n<meta property=\"og:title\" content=\"Design | Pull Miss (Holly) Kennedy - Tinctura Laine\" \/>\n<meta property=\"og:description\" content=\"Un incontournable \u00e0 avoir dans sa garde robe ! Un petit pull qui va avec tout et qui met en valeur sans rien faire. Son nom est tir\u00e9 d\u2019un tr\u00e8s beau roman PS : I love you qui m\u2019a fait pleur\u00e9 tout un \u00e9t\u00e9 ! L\u2019adaptation en film est tr\u00e8s bien r\u00e9alis\u00e9e et ce pull [&hellip;]\" \/>\n<meta property=\"og:url\" content=\"https:\/\/tincturalaine.fr\/index.php\/produit\/design-pull-miss-holly-kennedy\/\" \/>\n<meta property=\"og:site_name\" content=\"Tinctura Laine\" \/>\n<meta property=\"article:modified_time\" content=\"2022-01-07T07:30:22+00:00\" \/>\n<meta property=\"og:image\" content=\"https:\/\/tincturalaine.fr\/wp-content\/uploads\/holly_tinctura_laine-scaled.jpg\" \/>\n\t<meta property=\"og:image:width\" content=\"2019\" \/>\n\t<meta property=\"og:image:height\" content=\"2560\" \/>\n\t<meta property=\"og:image:type\" content=\"image\/jpeg\" \/>\n<meta name=\"twitter:card\" content=\"summary_large_image\" \/>\n<meta name=\"twitter:label1\" content=\"Dur\u00e9e de lecture estim\u00e9e\" \/>\n\t<meta name=\"twitter:data1\" content=\"1 minute\" \/>\n<script type=\"application\/ld+json\" class=\"yoast-schema-graph\">{\"@context\":\"https:\/\/schema.org\",\"@graph\":[{\"@type\":\"WebPage\",\"@id\":\"https:\/\/tincturalaine.fr\/index.php\/produit\/design-pull-miss-holly-kennedy\/\",\"url\":\"https:\/\/tincturalaine.fr\/index.php\/produit\/design-pull-miss-holly-kennedy\/\",\"name\":\"Design | Pull Miss (Holly) Kennedy - Tinctura Laine\",\"isPartOf\":{\"@id\":\"https:\/\/tincturalaine.fr\/#website\"},\"primaryImageOfPage\":{\"@id\":\"https:\/\/tincturalaine.fr\/index.php\/produit\/design-pull-miss-holly-kennedy\/#primaryimage\"},\"image\":{\"@id\":\"https:\/\/tincturalaine.fr\/index.php\/produit\/design-pull-miss-holly-kennedy\/#primaryimage\"},\"thumbnailUrl\":\"https:\/\/tincturalaine.fr\/wp-content\/uploads\/holly_tinctura_laine-scaled.jpg\",\"datePublished\":\"2021-11-06T12:54:15+00:00\",\"dateModified\":\"2022-01-07T07:30:22+00:00\",\"breadcrumb\":{\"@id\":\"https:\/\/tincturalaine.fr\/index.php\/produit\/design-pull-miss-holly-kennedy\/#breadcrumb\"},\"inLanguage\":\"fr-FR\",\"potentialAction\":[{\"@type\":\"ReadAction\",\"target\":[\"https:\/\/tincturalaine.fr\/index.php\/produit\/design-pull-miss-holly-kennedy\/\"]}]},{\"@type\":\"ImageObject\",\"inLanguage\":\"fr-FR\",\"@id\":\"https:\/\/tincturalaine.fr\/index.php\/produit\/design-pull-miss-holly-kennedy\/#primaryimage\",\"url\":\"https:\/\/tincturalaine.fr\/wp-content\/uploads\/holly_tinctura_laine-scaled.jpg\",\"contentUrl\":\"https:\/\/tincturalaine.fr\/wp-content\/uploads\/holly_tinctura_laine-scaled.jpg\",\"width\":2019,\"height\":2560,\"caption\":\"Miss Holly Kennedy\"},{\"@type\":\"BreadcrumbList\",\"@id\":\"https:\/\/tincturalaine.fr\/index.php\/produit\/design-pull-miss-holly-kennedy\/#breadcrumb\",\"itemListElement\":[{\"@type\":\"ListItem\",\"position\":1,\"name\":\"Home\",\"item\":\"https:\/\/tincturalaine.fr\/\"},{\"@type\":\"ListItem\",\"position\":2,\"name\":\"Boutique\",\"item\":\"https:\/\/tincturalaine.fr\/index.php\/tincturalaine-laine-teinte-a-la-main\/\"},{\"@type\":\"ListItem\",\"position\":3,\"name\":\"Design | Pull Miss (Holly) Kennedy\"}]},{\"@type\":\"WebSite\",\"@id\":\"https:\/\/tincturalaine.fr\/#website\",\"url\":\"https:\/\/tincturalaine.fr\/\",\"name\":\"Tinctura Laine\",\"description\":\"Les couleurs qui ont du chien !\",\"alternateName\":\"Tincturalaine laine teint \u00e0 la main\",\"potentialAction\":[{\"@type\":\"SearchAction\",\"target\":{\"@type\":\"EntryPoint\",\"urlTemplate\":\"https:\/\/tincturalaine.fr\/?s={search_term_string}\"},\"query-input\":{\"@type\":\"PropertyValueSpecification\",\"valueRequired\":true,\"valueName\":\"search_term_string\"}}],\"inLanguage\":\"fr-FR\"}]}<\/script>\n<!-- \/ Yoast SEO plugin. -->","yoast_head_json":{"title":"Design | Pull Miss (Holly) Kennedy - Tinctura Laine","robots":{"index":"index","follow":"follow","max-snippet":"max-snippet:-1","max-image-preview":"max-image-preview:large","max-video-preview":"max-video-preview:-1"},"canonical":"https:\/\/tincturalaine.fr\/index.php\/produit\/design-pull-miss-holly-kennedy\/","og_locale":"fr_FR","og_type":"article","og_title":"Design | Pull Miss (Holly) Kennedy - Tinctura Laine","og_description":"Un incontournable \u00e0 avoir dans sa garde robe ! Un petit pull qui va avec tout et qui met en valeur sans rien faire. Son nom est tir\u00e9 d\u2019un tr\u00e8s beau roman PS : I love you qui m\u2019a fait pleur\u00e9 tout un \u00e9t\u00e9 ! L\u2019adaptation en film est tr\u00e8s bien r\u00e9alis\u00e9e et ce pull [&hellip;]","og_url":"https:\/\/tincturalaine.fr\/index.php\/produit\/design-pull-miss-holly-kennedy\/","og_site_name":"Tinctura Laine","article_modified_time":"2022-01-07T07:30:22+00:00","og_image":[{"width":2019,"height":2560,"url":"https:\/\/tincturalaine.fr\/wp-content\/uploads\/holly_tinctura_laine-scaled.jpg","type":"image\/jpeg"}],"twitter_card":"summary_large_image","twitter_misc":{"Dur\u00e9e de lecture estim\u00e9e":"1 minute"},"schema":{"@context":"https:\/\/schema.org","@graph":[{"@type":"WebPage","@id":"https:\/\/tincturalaine.fr\/index.php\/produit\/design-pull-miss-holly-kennedy\/","url":"https:\/\/tincturalaine.fr\/index.php\/produit\/design-pull-miss-holly-kennedy\/","name":"Design | Pull Miss (Holly) Kennedy - Tinctura Laine","isPartOf":{"@id":"https:\/\/tincturalaine.fr\/#website"},"primaryImageOfPage":{"@id":"https:\/\/tincturalaine.fr\/index.php\/produit\/design-pull-miss-holly-kennedy\/#primaryimage"},"image":{"@id":"https:\/\/tincturalaine.fr\/index.php\/produit\/design-pull-miss-holly-kennedy\/#primaryimage"},"thumbnailUrl":"https:\/\/tincturalaine.fr\/wp-content\/uploads\/holly_tinctura_laine-scaled.jpg","datePublished":"2021-11-06T12:54:15+00:00","dateModified":"2022-01-07T07:30:22+00:00","breadcrumb":{"@id":"https:\/\/tincturalaine.fr\/index.php\/produit\/design-pull-miss-holly-kennedy\/#breadcrumb"},"inLanguage":"fr-FR","potentialAction":[{"@type":"ReadAction","target":["https:\/\/tincturalaine.fr\/index.php\/produit\/design-pull-miss-holly-kennedy\/"]}]},{"@type":"ImageObject","inLanguage":"fr-FR","@id":"https:\/\/tincturalaine.fr\/index.php\/produit\/design-pull-miss-holly-kennedy\/#primaryimage","url":"https:\/\/tincturalaine.fr\/wp-content\/uploads\/holly_tinctura_laine-scaled.jpg","contentUrl":"https:\/\/tincturalaine.fr\/wp-content\/uploads\/holly_tinctura_laine-scaled.jpg","width":2019,"height":2560,"caption":"Miss Holly Kennedy"},{"@type":"BreadcrumbList","@id":"https:\/\/tincturalaine.fr\/index.php\/produit\/design-pull-miss-holly-kennedy\/#breadcrumb","itemListElement":[{"@type":"ListItem","position":1,"name":"Home","item":"https:\/\/tincturalaine.fr\/"},{"@type":"ListItem","position":2,"name":"Boutique","item":"https:\/\/tincturalaine.fr\/index.php\/tincturalaine-laine-teinte-a-la-main\/"},{"@type":"ListItem","position":3,"name":"Design | Pull Miss (Holly) Kennedy"}]},{"@type":"WebSite","@id":"https:\/\/tincturalaine.fr\/#website","url":"https:\/\/tincturalaine.fr\/","name":"Tinctura Laine","description":"Les couleurs qui ont du chien !","alternateName":"Tincturalaine laine teint \u00e0 la main","potentialAction":[{"@type":"SearchAction","target":{"@type":"EntryPoint","urlTemplate":"https:\/\/tincturalaine.fr\/?s={search_term_string}"},"query-input":{"@type":"PropertyValueSpecification","valueRequired":true,"valueName":"search_term_string"}}],"inLanguage":"fr-FR"}]}},"_links":{"self":[{"href":"https:\/\/tincturalaine.fr\/index.php\/wp-json\/wp\/v2\/product\/1743","targetHints":{"allow":["GET"]}}],"collection":[{"href":"https:\/\/tincturalaine.fr\/index.php\/wp-json\/wp\/v2\/product"}],"about":[{"href":"https:\/\/tincturalaine.fr\/index.php\/wp-json\/wp\/v2\/types\/product"}],"wp:featuredmedia":[{"embeddable":true,"href":"https:\/\/tincturalaine.fr\/index.php\/wp-json\/wp\/v2\/media\/1746"}],"wp:attachment":[{"href":"https:\/\/tincturalaine.fr\/index.php\/wp-json\/wp\/v2\/media?parent=1743"}],"wp:term":[{"taxonomy":"product_brand","embeddable":true,"href":"https:\/\/tincturalaine.fr\/index.php\/wp-json\/wp\/v2\/product_brand?post=1743"},{"taxonomy":"product_cat","embeddable":true,"href":"https:\/\/tincturalaine.fr\/index.php\/wp-json\/wp\/v2\/product_cat?post=1743"},{"taxonomy":"product_tag","embeddable":true,"href":"https:\/\/tincturalaine.fr\/index.php\/wp-json\/wp\/v2\/product_tag?post=1743"}],"curies":[{"name":"wp","href":"https:\/\/api.w.org\/{rel}","templated":true}]}}