{"id":1740,"date":"2021-11-06T13:39:45","date_gmt":"2021-11-06T12:39:45","guid":{"rendered":"https:\/\/tincturalaine.fr\/?post_type=product&#038;p=1740"},"modified":"2022-01-07T08:30:33","modified_gmt":"2022-01-07T07:30:33","slug":"design-gilet-miss-jen-lindley","status":"publish","type":"product","link":"https:\/\/tincturalaine.fr\/index.php\/produit\/design-gilet-miss-jen-lindley\/","title":{"rendered":"Design | Gilet Miss (Jen) Lindley"},"content":{"rendered":"<p>Le gilet Miss (Jen) Lindley est un petit haut qui se tricote du bas vers le haut sans couture. On commence par le corps que l\u2019on met en attente pour faire les manches et on les relie tout en tricotant le raglan et le col V.<br \/>\nIl demande un niveau confirm\u00e9 pour bien rep\u00e9rer les diminutions sur les rangs nid d\u2019abeille.<br \/>\nIl monte tr\u00e8s vite avec son alternance entre les sections jersey et les sections nid d\u2019abeille.<\/p>\n<p>Il pourra se porter hiver comme \u00e9t\u00e9. L\u2019hiver sur un chemise ou un top et l\u2019\u00e9t\u00e9 pour vous couvrir les \u00e9paules durant les journ\u00e9es ou soir\u00e9es plus fraiches.<\/p>\n<p>Taille :<br \/>\n94, 98, 102,106,110 de tour de poitrine avec une aisance positive de 10 cm<\/p>\n<p>Fil utilis\u00e9 :<br \/>\nTinctura single 100% merino | coloris naturel<br \/>\n(366 m \/ 100gr) soit 800, 960,1080, 1122, 1165 m<\/p>\n<p>(J\u2019ai r\u00e9alis\u00e9 le mien avec un fil Voilette de la droguerie mais il n\u2019est pas obligatoire)<\/p>\n<p>Gauges :<br \/>\n23 m x 36 rangs en 3,5mm<\/p>\n<p>Aiguilles :<br \/>\n3,5 mm<\/p>\n<p>Autres :<br \/>\nAnneaux marqueurs<br \/>\n8 boutons taille 12mm<\/p>\n","protected":false},"excerpt":{"rendered":"<p>Le gilet Miss (Jen) Lindley est un petit haut qui se tricote du bas vers le haut sans couture. On commence par le corps que l\u2019on met en attente pour faire les manches et on les relie tout en tricotant le raglan et le col V. Il demande un niveau confirm\u00e9 pour bien rep\u00e9rer les [&hellip;]<\/p>\n","protected":false},"featured_media":1742,"template":"","meta":{"_et_pb_use_builder":"","_et_pb_old_content":"","_et_gb_content_width":""},"product_brand":[],"product_cat":[17],"product_tag":[125,122],"class_list":{"0":"post-1740","1":"product","2":"type-product","3":"status-publish","4":"has-post-thumbnail","6":"product_cat-patron","7":"product_tag-miss-jen-lindley","8":"product_tag-tinctura-single","9":"product_shipping_class-patron","11":"first","12":"instock","13":"downloadable","14":"virtual","15":"purchasable","16":"product-type-simple"},"yoast_head":"<!-- This site is optimized with the Yoast SEO plugin v26.7 - https:\/\/yoast.com\/wordpress\/plugins\/seo\/ -->\n<title>Design | Gilet Miss (Jen) Lindley - Tinctura Laine<\/title>\n<meta name=\"robots\" content=\"index, follow, max-snippet:-1, max-image-preview:large, max-video-preview:-1\" \/>\n<link rel=\"canonical\" href=\"https:\/\/tincturalaine.fr\/index.php\/produit\/design-gilet-miss-jen-lindley\/\" \/>\n<meta property=\"og:locale\" content=\"fr_FR\" \/>\n<meta property=\"og:type\" content=\"article\" \/>\n<meta property=\"og:title\" content=\"Design | Gilet Miss (Jen) Lindley - Tinctura Laine\" \/>\n<meta property=\"og:description\" content=\"Le gilet Miss (Jen) Lindley est un petit haut qui se tricote du bas vers le haut sans couture. On commence par le corps que l\u2019on met en attente pour faire les manches et on les relie tout en tricotant le raglan et le col V. Il demande un niveau confirm\u00e9 pour bien rep\u00e9rer les [&hellip;]\" \/>\n<meta property=\"og:url\" content=\"https:\/\/tincturalaine.fr\/index.php\/produit\/design-gilet-miss-jen-lindley\/\" \/>\n<meta property=\"og:site_name\" content=\"Tinctura Laine\" \/>\n<meta property=\"article:modified_time\" content=\"2022-01-07T07:30:33+00:00\" \/>\n<meta property=\"og:image\" content=\"https:\/\/tincturalaine.fr\/wp-content\/uploads\/jen_tinctura_laine-scaled.jpg\" \/>\n\t<meta property=\"og:image:width\" content=\"2019\" \/>\n\t<meta property=\"og:image:height\" content=\"2560\" \/>\n\t<meta property=\"og:image:type\" content=\"image\/jpeg\" \/>\n<meta name=\"twitter:card\" content=\"summary_large_image\" \/>\n<meta name=\"twitter:label1\" content=\"Dur\u00e9e de lecture estim\u00e9e\" \/>\n\t<meta name=\"twitter:data1\" content=\"1 minute\" \/>\n<script type=\"application\/ld+json\" class=\"yoast-schema-graph\">{\"@context\":\"https:\/\/schema.org\",\"@graph\":[{\"@type\":\"WebPage\",\"@id\":\"https:\/\/tincturalaine.fr\/index.php\/produit\/design-gilet-miss-jen-lindley\/\",\"url\":\"https:\/\/tincturalaine.fr\/index.php\/produit\/design-gilet-miss-jen-lindley\/\",\"name\":\"Design | Gilet Miss (Jen) Lindley - Tinctura Laine\",\"isPartOf\":{\"@id\":\"https:\/\/tincturalaine.fr\/#website\"},\"primaryImageOfPage\":{\"@id\":\"https:\/\/tincturalaine.fr\/index.php\/produit\/design-gilet-miss-jen-lindley\/#primaryimage\"},\"image\":{\"@id\":\"https:\/\/tincturalaine.fr\/index.php\/produit\/design-gilet-miss-jen-lindley\/#primaryimage\"},\"thumbnailUrl\":\"https:\/\/tincturalaine.fr\/wp-content\/uploads\/jen_tinctura_laine-scaled.jpg\",\"datePublished\":\"2021-11-06T12:39:45+00:00\",\"dateModified\":\"2022-01-07T07:30:33+00:00\",\"breadcrumb\":{\"@id\":\"https:\/\/tincturalaine.fr\/index.php\/produit\/design-gilet-miss-jen-lindley\/#breadcrumb\"},\"inLanguage\":\"fr-FR\",\"potentialAction\":[{\"@type\":\"ReadAction\",\"target\":[\"https:\/\/tincturalaine.fr\/index.php\/produit\/design-gilet-miss-jen-lindley\/\"]}]},{\"@type\":\"ImageObject\",\"inLanguage\":\"fr-FR\",\"@id\":\"https:\/\/tincturalaine.fr\/index.php\/produit\/design-gilet-miss-jen-lindley\/#primaryimage\",\"url\":\"https:\/\/tincturalaine.fr\/wp-content\/uploads\/jen_tinctura_laine-scaled.jpg\",\"contentUrl\":\"https:\/\/tincturalaine.fr\/wp-content\/uploads\/jen_tinctura_laine-scaled.jpg\",\"width\":2019,\"height\":2560,\"caption\":\"miss jen Lindley\"},{\"@type\":\"BreadcrumbList\",\"@id\":\"https:\/\/tincturalaine.fr\/index.php\/produit\/design-gilet-miss-jen-lindley\/#breadcrumb\",\"itemListElement\":[{\"@type\":\"ListItem\",\"position\":1,\"name\":\"Home\",\"item\":\"https:\/\/tincturalaine.fr\/\"},{\"@type\":\"ListItem\",\"position\":2,\"name\":\"Boutique\",\"item\":\"https:\/\/tincturalaine.fr\/index.php\/tincturalaine-laine-teinte-a-la-main\/\"},{\"@type\":\"ListItem\",\"position\":3,\"name\":\"Design | Gilet Miss (Jen) Lindley\"}]},{\"@type\":\"WebSite\",\"@id\":\"https:\/\/tincturalaine.fr\/#website\",\"url\":\"https:\/\/tincturalaine.fr\/\",\"name\":\"Tinctura Laine\",\"description\":\"Les couleurs qui ont du chien !\",\"alternateName\":\"Tincturalaine laine teint \u00e0 la main\",\"potentialAction\":[{\"@type\":\"SearchAction\",\"target\":{\"@type\":\"EntryPoint\",\"urlTemplate\":\"https:\/\/tincturalaine.fr\/?s={search_term_string}\"},\"query-input\":{\"@type\":\"PropertyValueSpecification\",\"valueRequired\":true,\"valueName\":\"search_term_string\"}}],\"inLanguage\":\"fr-FR\"}]}<\/script>\n<!-- \/ Yoast SEO plugin. -->","yoast_head_json":{"title":"Design | Gilet Miss (Jen) Lindley - Tinctura Laine","robots":{"index":"index","follow":"follow","max-snippet":"max-snippet:-1","max-image-preview":"max-image-preview:large","max-video-preview":"max-video-preview:-1"},"canonical":"https:\/\/tincturalaine.fr\/index.php\/produit\/design-gilet-miss-jen-lindley\/","og_locale":"fr_FR","og_type":"article","og_title":"Design | Gilet Miss (Jen) Lindley - Tinctura Laine","og_description":"Le gilet Miss (Jen) Lindley est un petit haut qui se tricote du bas vers le haut sans couture. On commence par le corps que l\u2019on met en attente pour faire les manches et on les relie tout en tricotant le raglan et le col V. Il demande un niveau confirm\u00e9 pour bien rep\u00e9rer les [&hellip;]","og_url":"https:\/\/tincturalaine.fr\/index.php\/produit\/design-gilet-miss-jen-lindley\/","og_site_name":"Tinctura Laine","article_modified_time":"2022-01-07T07:30:33+00:00","og_image":[{"width":2019,"height":2560,"url":"https:\/\/tincturalaine.fr\/wp-content\/uploads\/jen_tinctura_laine-scaled.jpg","type":"image\/jpeg"}],"twitter_card":"summary_large_image","twitter_misc":{"Dur\u00e9e de lecture estim\u00e9e":"1 minute"},"schema":{"@context":"https:\/\/schema.org","@graph":[{"@type":"WebPage","@id":"https:\/\/tincturalaine.fr\/index.php\/produit\/design-gilet-miss-jen-lindley\/","url":"https:\/\/tincturalaine.fr\/index.php\/produit\/design-gilet-miss-jen-lindley\/","name":"Design | Gilet Miss (Jen) Lindley - Tinctura Laine","isPartOf":{"@id":"https:\/\/tincturalaine.fr\/#website"},"primaryImageOfPage":{"@id":"https:\/\/tincturalaine.fr\/index.php\/produit\/design-gilet-miss-jen-lindley\/#primaryimage"},"image":{"@id":"https:\/\/tincturalaine.fr\/index.php\/produit\/design-gilet-miss-jen-lindley\/#primaryimage"},"thumbnailUrl":"https:\/\/tincturalaine.fr\/wp-content\/uploads\/jen_tinctura_laine-scaled.jpg","datePublished":"2021-11-06T12:39:45+00:00","dateModified":"2022-01-07T07:30:33+00:00","breadcrumb":{"@id":"https:\/\/tincturalaine.fr\/index.php\/produit\/design-gilet-miss-jen-lindley\/#breadcrumb"},"inLanguage":"fr-FR","potentialAction":[{"@type":"ReadAction","target":["https:\/\/tincturalaine.fr\/index.php\/produit\/design-gilet-miss-jen-lindley\/"]}]},{"@type":"ImageObject","inLanguage":"fr-FR","@id":"https:\/\/tincturalaine.fr\/index.php\/produit\/design-gilet-miss-jen-lindley\/#primaryimage","url":"https:\/\/tincturalaine.fr\/wp-content\/uploads\/jen_tinctura_laine-scaled.jpg","contentUrl":"https:\/\/tincturalaine.fr\/wp-content\/uploads\/jen_tinctura_laine-scaled.jpg","width":2019,"height":2560,"caption":"miss jen Lindley"},{"@type":"BreadcrumbList","@id":"https:\/\/tincturalaine.fr\/index.php\/produit\/design-gilet-miss-jen-lindley\/#breadcrumb","itemListElement":[{"@type":"ListItem","position":1,"name":"Home","item":"https:\/\/tincturalaine.fr\/"},{"@type":"ListItem","position":2,"name":"Boutique","item":"https:\/\/tincturalaine.fr\/index.php\/tincturalaine-laine-teinte-a-la-main\/"},{"@type":"ListItem","position":3,"name":"Design | Gilet Miss (Jen) Lindley"}]},{"@type":"WebSite","@id":"https:\/\/tincturalaine.fr\/#website","url":"https:\/\/tincturalaine.fr\/","name":"Tinctura Laine","description":"Les couleurs qui ont du chien !","alternateName":"Tincturalaine laine teint \u00e0 la main","potentialAction":[{"@type":"SearchAction","target":{"@type":"EntryPoint","urlTemplate":"https:\/\/tincturalaine.fr\/?s={search_term_string}"},"query-input":{"@type":"PropertyValueSpecification","valueRequired":true,"valueName":"search_term_string"}}],"inLanguage":"fr-FR"}]}},"_links":{"self":[{"href":"https:\/\/tincturalaine.fr\/index.php\/wp-json\/wp\/v2\/product\/1740","targetHints":{"allow":["GET"]}}],"collection":[{"href":"https:\/\/tincturalaine.fr\/index.php\/wp-json\/wp\/v2\/product"}],"about":[{"href":"https:\/\/tincturalaine.fr\/index.php\/wp-json\/wp\/v2\/types\/product"}],"wp:featuredmedia":[{"embeddable":true,"href":"https:\/\/tincturalaine.fr\/index.php\/wp-json\/wp\/v2\/media\/1742"}],"wp:attachment":[{"href":"https:\/\/tincturalaine.fr\/index.php\/wp-json\/wp\/v2\/media?parent=1740"}],"wp:term":[{"taxonomy":"product_brand","embeddable":true,"href":"https:\/\/tincturalaine.fr\/index.php\/wp-json\/wp\/v2\/product_brand?post=1740"},{"taxonomy":"product_cat","embeddable":true,"href":"https:\/\/tincturalaine.fr\/index.php\/wp-json\/wp\/v2\/product_cat?post=1740"},{"taxonomy":"product_tag","embeddable":true,"href":"https:\/\/tincturalaine.fr\/index.php\/wp-json\/wp\/v2\/product_tag?post=1740"}],"curies":[{"name":"wp","href":"https:\/\/api.w.org\/{rel}","templated":true}]}}