{"id":1732,"date":"2021-11-06T13:16:40","date_gmt":"2021-11-06T12:16:40","guid":{"rendered":"https:\/\/tincturalaine.fr\/?post_type=product&#038;p=1732"},"modified":"2021-11-06T13:39:33","modified_gmt":"2021-11-06T12:39:33","slug":"design-graphic-mouffles","status":"publish","type":"product","link":"https:\/\/tincturalaine.fr\/index.php\/produit\/design-graphic-mouffles\/","title":{"rendered":"Design | Graphic mouffles"},"content":{"rendered":"<p>Tricot\u00e9 en aiguille 3,25 avec un \u00e9cheveau de <a href=\"https:\/\/tincturalaine.fr\/index.php\/produit\/coloris-cameleon\/\">Tinctura sock<\/a> et <a href=\"https:\/\/tincturalaine.fr\/index.php\/produit\/coloris-cameleon-4\/\">Tinctura Kid silk\u00a0<\/a><\/p>\n<p>Pour ce mod\u00e8le j&rsquo;ai utilis\u00e9 le coloris cam\u00e9l\u00e9on<\/p>\n<p>Avec le patron des Graphic Moufles vous pouvez choisir de tricoter soit la version moufles soit la version mitaines.<\/p>\n<p>Vous recevrez directement par pdf le patron<\/p>\n","protected":false},"excerpt":{"rendered":"<p>Tricot\u00e9 en aiguille 3,25 avec un \u00e9cheveau de Tinctura sock et Tinctura Kid silk\u00a0 Pour ce mod\u00e8le j&rsquo;ai utilis\u00e9 le coloris cam\u00e9l\u00e9on Avec le patron des Graphic Moufles vous pouvez choisir de tricoter soit la version moufles soit la version mitaines. Vous recevrez directement par pdf le patron<\/p>\n","protected":false},"featured_media":1734,"template":"","meta":{"_et_pb_use_builder":"","_et_pb_old_content":"","_et_gb_content_width":""},"product_brand":[],"product_cat":[17],"product_tag":[123,93,124],"class_list":{"0":"post-1732","1":"product","2":"type-product","3":"status-publish","4":"has-post-thumbnail","6":"product_cat-patron","7":"product_tag-graphic-moufles","8":"product_tag-tinctura-kid-silk","9":"product_tag-tinctura-sock","10":"product_shipping_class-patron","12":"first","13":"instock","14":"downloadable","15":"virtual","16":"purchasable","17":"product-type-simple"},"yoast_head":"<!-- This site is optimized with the Yoast SEO plugin v26.7 - https:\/\/yoast.com\/wordpress\/plugins\/seo\/ -->\n<title>Design | Graphic mouffles - Tinctura Laine<\/title>\n<meta name=\"robots\" content=\"index, follow, max-snippet:-1, max-image-preview:large, max-video-preview:-1\" \/>\n<link rel=\"canonical\" href=\"https:\/\/tincturalaine.fr\/index.php\/produit\/design-graphic-mouffles\/\" \/>\n<meta property=\"og:locale\" content=\"fr_FR\" \/>\n<meta property=\"og:type\" content=\"article\" \/>\n<meta property=\"og:title\" content=\"Design | Graphic mouffles - Tinctura Laine\" \/>\n<meta property=\"og:description\" content=\"Tricot\u00e9 en aiguille 3,25 avec un \u00e9cheveau de Tinctura sock et Tinctura Kid silk\u00a0 Pour ce mod\u00e8le j&rsquo;ai utilis\u00e9 le coloris cam\u00e9l\u00e9on Avec le patron des Graphic Moufles vous pouvez choisir de tricoter soit la version moufles soit la version mitaines. Vous recevrez directement par pdf le patron\" \/>\n<meta property=\"og:url\" content=\"https:\/\/tincturalaine.fr\/index.php\/produit\/design-graphic-mouffles\/\" \/>\n<meta property=\"og:site_name\" content=\"Tinctura Laine\" \/>\n<meta property=\"article:modified_time\" content=\"2021-11-06T12:39:33+00:00\" \/>\n<meta property=\"og:image\" content=\"https:\/\/tincturalaine.fr\/wp-content\/uploads\/graphic_moufles_tinctura_laine-scaled.jpg\" \/>\n\t<meta property=\"og:image:width\" content=\"2019\" \/>\n\t<meta property=\"og:image:height\" content=\"2560\" \/>\n\t<meta property=\"og:image:type\" content=\"image\/jpeg\" \/>\n<meta name=\"twitter:card\" content=\"summary_large_image\" \/>\n<meta name=\"twitter:label1\" content=\"Dur\u00e9e de lecture estim\u00e9e\" \/>\n\t<meta name=\"twitter:data1\" content=\"1 minute\" \/>\n<script type=\"application\/ld+json\" class=\"yoast-schema-graph\">{\"@context\":\"https:\/\/schema.org\",\"@graph\":[{\"@type\":\"WebPage\",\"@id\":\"https:\/\/tincturalaine.fr\/index.php\/produit\/design-graphic-mouffles\/\",\"url\":\"https:\/\/tincturalaine.fr\/index.php\/produit\/design-graphic-mouffles\/\",\"name\":\"Design | Graphic mouffles - Tinctura Laine\",\"isPartOf\":{\"@id\":\"https:\/\/tincturalaine.fr\/#website\"},\"primaryImageOfPage\":{\"@id\":\"https:\/\/tincturalaine.fr\/index.php\/produit\/design-graphic-mouffles\/#primaryimage\"},\"image\":{\"@id\":\"https:\/\/tincturalaine.fr\/index.php\/produit\/design-graphic-mouffles\/#primaryimage\"},\"thumbnailUrl\":\"https:\/\/tincturalaine.fr\/wp-content\/uploads\/graphic_moufles_tinctura_laine-scaled.jpg\",\"datePublished\":\"2021-11-06T12:16:40+00:00\",\"dateModified\":\"2021-11-06T12:39:33+00:00\",\"breadcrumb\":{\"@id\":\"https:\/\/tincturalaine.fr\/index.php\/produit\/design-graphic-mouffles\/#breadcrumb\"},\"inLanguage\":\"fr-FR\",\"potentialAction\":[{\"@type\":\"ReadAction\",\"target\":[\"https:\/\/tincturalaine.fr\/index.php\/produit\/design-graphic-mouffles\/\"]}]},{\"@type\":\"ImageObject\",\"inLanguage\":\"fr-FR\",\"@id\":\"https:\/\/tincturalaine.fr\/index.php\/produit\/design-graphic-mouffles\/#primaryimage\",\"url\":\"https:\/\/tincturalaine.fr\/wp-content\/uploads\/graphic_moufles_tinctura_laine-scaled.jpg\",\"contentUrl\":\"https:\/\/tincturalaine.fr\/wp-content\/uploads\/graphic_moufles_tinctura_laine-scaled.jpg\",\"width\":2019,\"height\":2560,\"caption\":\"graphic moufles tincturalaine\"},{\"@type\":\"BreadcrumbList\",\"@id\":\"https:\/\/tincturalaine.fr\/index.php\/produit\/design-graphic-mouffles\/#breadcrumb\",\"itemListElement\":[{\"@type\":\"ListItem\",\"position\":1,\"name\":\"Home\",\"item\":\"https:\/\/tincturalaine.fr\/\"},{\"@type\":\"ListItem\",\"position\":2,\"name\":\"Boutique\",\"item\":\"https:\/\/tincturalaine.fr\/index.php\/tincturalaine-laine-teinte-a-la-main\/\"},{\"@type\":\"ListItem\",\"position\":3,\"name\":\"Design | Graphic mouffles\"}]},{\"@type\":\"WebSite\",\"@id\":\"https:\/\/tincturalaine.fr\/#website\",\"url\":\"https:\/\/tincturalaine.fr\/\",\"name\":\"Tinctura Laine\",\"description\":\"Les couleurs qui ont du chien !\",\"alternateName\":\"Tincturalaine laine teint \u00e0 la main\",\"potentialAction\":[{\"@type\":\"SearchAction\",\"target\":{\"@type\":\"EntryPoint\",\"urlTemplate\":\"https:\/\/tincturalaine.fr\/?s={search_term_string}\"},\"query-input\":{\"@type\":\"PropertyValueSpecification\",\"valueRequired\":true,\"valueName\":\"search_term_string\"}}],\"inLanguage\":\"fr-FR\"}]}<\/script>\n<!-- \/ Yoast SEO plugin. -->","yoast_head_json":{"title":"Design | Graphic mouffles - Tinctura Laine","robots":{"index":"index","follow":"follow","max-snippet":"max-snippet:-1","max-image-preview":"max-image-preview:large","max-video-preview":"max-video-preview:-1"},"canonical":"https:\/\/tincturalaine.fr\/index.php\/produit\/design-graphic-mouffles\/","og_locale":"fr_FR","og_type":"article","og_title":"Design | Graphic mouffles - Tinctura Laine","og_description":"Tricot\u00e9 en aiguille 3,25 avec un \u00e9cheveau de Tinctura sock et Tinctura Kid silk\u00a0 Pour ce mod\u00e8le j&rsquo;ai utilis\u00e9 le coloris cam\u00e9l\u00e9on Avec le patron des Graphic Moufles vous pouvez choisir de tricoter soit la version moufles soit la version mitaines. Vous recevrez directement par pdf le patron","og_url":"https:\/\/tincturalaine.fr\/index.php\/produit\/design-graphic-mouffles\/","og_site_name":"Tinctura Laine","article_modified_time":"2021-11-06T12:39:33+00:00","og_image":[{"width":2019,"height":2560,"url":"https:\/\/tincturalaine.fr\/wp-content\/uploads\/graphic_moufles_tinctura_laine-scaled.jpg","type":"image\/jpeg"}],"twitter_card":"summary_large_image","twitter_misc":{"Dur\u00e9e de lecture estim\u00e9e":"1 minute"},"schema":{"@context":"https:\/\/schema.org","@graph":[{"@type":"WebPage","@id":"https:\/\/tincturalaine.fr\/index.php\/produit\/design-graphic-mouffles\/","url":"https:\/\/tincturalaine.fr\/index.php\/produit\/design-graphic-mouffles\/","name":"Design | Graphic mouffles - Tinctura Laine","isPartOf":{"@id":"https:\/\/tincturalaine.fr\/#website"},"primaryImageOfPage":{"@id":"https:\/\/tincturalaine.fr\/index.php\/produit\/design-graphic-mouffles\/#primaryimage"},"image":{"@id":"https:\/\/tincturalaine.fr\/index.php\/produit\/design-graphic-mouffles\/#primaryimage"},"thumbnailUrl":"https:\/\/tincturalaine.fr\/wp-content\/uploads\/graphic_moufles_tinctura_laine-scaled.jpg","datePublished":"2021-11-06T12:16:40+00:00","dateModified":"2021-11-06T12:39:33+00:00","breadcrumb":{"@id":"https:\/\/tincturalaine.fr\/index.php\/produit\/design-graphic-mouffles\/#breadcrumb"},"inLanguage":"fr-FR","potentialAction":[{"@type":"ReadAction","target":["https:\/\/tincturalaine.fr\/index.php\/produit\/design-graphic-mouffles\/"]}]},{"@type":"ImageObject","inLanguage":"fr-FR","@id":"https:\/\/tincturalaine.fr\/index.php\/produit\/design-graphic-mouffles\/#primaryimage","url":"https:\/\/tincturalaine.fr\/wp-content\/uploads\/graphic_moufles_tinctura_laine-scaled.jpg","contentUrl":"https:\/\/tincturalaine.fr\/wp-content\/uploads\/graphic_moufles_tinctura_laine-scaled.jpg","width":2019,"height":2560,"caption":"graphic moufles tincturalaine"},{"@type":"BreadcrumbList","@id":"https:\/\/tincturalaine.fr\/index.php\/produit\/design-graphic-mouffles\/#breadcrumb","itemListElement":[{"@type":"ListItem","position":1,"name":"Home","item":"https:\/\/tincturalaine.fr\/"},{"@type":"ListItem","position":2,"name":"Boutique","item":"https:\/\/tincturalaine.fr\/index.php\/tincturalaine-laine-teinte-a-la-main\/"},{"@type":"ListItem","position":3,"name":"Design | Graphic mouffles"}]},{"@type":"WebSite","@id":"https:\/\/tincturalaine.fr\/#website","url":"https:\/\/tincturalaine.fr\/","name":"Tinctura Laine","description":"Les couleurs qui ont du chien !","alternateName":"Tincturalaine laine teint \u00e0 la main","potentialAction":[{"@type":"SearchAction","target":{"@type":"EntryPoint","urlTemplate":"https:\/\/tincturalaine.fr\/?s={search_term_string}"},"query-input":{"@type":"PropertyValueSpecification","valueRequired":true,"valueName":"search_term_string"}}],"inLanguage":"fr-FR"}]}},"_links":{"self":[{"href":"https:\/\/tincturalaine.fr\/index.php\/wp-json\/wp\/v2\/product\/1732","targetHints":{"allow":["GET"]}}],"collection":[{"href":"https:\/\/tincturalaine.fr\/index.php\/wp-json\/wp\/v2\/product"}],"about":[{"href":"https:\/\/tincturalaine.fr\/index.php\/wp-json\/wp\/v2\/types\/product"}],"wp:featuredmedia":[{"embeddable":true,"href":"https:\/\/tincturalaine.fr\/index.php\/wp-json\/wp\/v2\/media\/1734"}],"wp:attachment":[{"href":"https:\/\/tincturalaine.fr\/index.php\/wp-json\/wp\/v2\/media?parent=1732"}],"wp:term":[{"taxonomy":"product_brand","embeddable":true,"href":"https:\/\/tincturalaine.fr\/index.php\/wp-json\/wp\/v2\/product_brand?post=1732"},{"taxonomy":"product_cat","embeddable":true,"href":"https:\/\/tincturalaine.fr\/index.php\/wp-json\/wp\/v2\/product_cat?post=1732"},{"taxonomy":"product_tag","embeddable":true,"href":"https:\/\/tincturalaine.fr\/index.php\/wp-json\/wp\/v2\/product_tag?post=1732"}],"curies":[{"name":"wp","href":"https:\/\/api.w.org\/{rel}","templated":true}]}}